{"id":351,"date":"2021-10-11T18:24:22","date_gmt":"2021-10-11T18:24:22","guid":{"rendered":"https:\/\/indienhilfe-franklin.de\/?page_id=351"},"modified":"2021-11-03T16:45:00","modified_gmt":"2021-11-03T16:45:00","slug":"berichte","status":"publish","type":"page","link":"https:\/\/indienhilfe-franklin.de\/?page_id=351","title":{"rendered":"Berichte"},"content":{"rendered":"\n<p>Transparenz \u00fcber die Verwendung der gespendeten Gelder zu geben, ist ein wichtiges Anliegen des Vereines. Das betrifft zum einen den Nachweis der Betr\u00e4ge, die nach Indien flie\u00dfen, sowie die Rechenschaftsberichte der indischen Partner \u00fcber die Verwendung der Spenden. Dies ist eine wichtige Basis f\u00fcr das Vertrauen, dass durch die Spendengelder dem Verein entgegengebracht werden.<\/p>\n\n\n\n<p>Eine \u00dcbersicht \u00fcber die regul\u00e4ren Spenden eines Jahres und die tats\u00e4chlich geleisteten regul\u00e4ren sowie au\u00dferordentlichen Betr\u00e4ge und der Rechenschaftsberichte finden Sie hier.<\/p>\n","protected":false},"excerpt":{"rendered":"<p>Transparenz \u00fcber die Verwendung der gespendeten Gelder zu geben, ist ein wichtiges Anliegen des Vereines. Das betrifft zum einen den Nachweis der Betr\u00e4ge, die nach&hellip;<\/p>\n","protected":false},"author":1,"featured_media":0,"parent":345,"menu_order":0,"comment_status":"closed","ping_status":"closed","template":"","meta":{"footnotes":""},"class_list":["post-351","page","type-page","status-publish","hentry"],"_links":{"self":[{"href":"https:\/\/indienhilfe-franklin.de\/index.php?rest_route=\/wp\/v2\/pages\/351","targetHints":{"allow":["GET"]}}],"collection":[{"href":"https:\/\/indienhilfe-franklin.de\/index.php?rest_route=\/wp\/v2\/pages"}],"about":[{"href":"https:\/\/indienhilfe-franklin.de\/index.php?rest_route=\/wp\/v2\/types\/page"}],"author":[{"embeddable":true,"href":"https:\/\/indienhilfe-franklin.de\/index.php?rest_route=\/wp\/v2\/users\/1"}],"replies":[{"embeddable":true,"href":"https:\/\/indienhilfe-franklin.de\/index.php?rest_route=%2Fwp%2Fv2%2Fcomments&post=351"}],"version-history":[{"count":2,"href":"https:\/\/indienhilfe-franklin.de\/index.php?rest_route=\/wp\/v2\/pages\/351\/revisions"}],"predecessor-version":[{"id":416,"href":"https:\/\/indienhilfe-franklin.de\/index.php?rest_route=\/wp\/v2\/pages\/351\/revisions\/416"}],"up":[{"embeddable":true,"href":"https:\/\/indienhilfe-franklin.de\/index.php?rest_route=\/wp\/v2\/pages\/345"}],"wp:attachment":[{"href":"https:\/\/indienhilfe-franklin.de\/index.php?rest_route=%2Fwp%2Fv2%2Fmedia&parent=351"}],"curies":[{"name":"wp","href":"https:\/\/api.w.org\/{rel}","templated":true}]}}