{"id":32,"date":"2021-08-31T08:55:40","date_gmt":"2021-08-31T08:55:40","guid":{"rendered":"https:\/\/indienhilfe-franklin.de\/?page_id=32"},"modified":"2026-04-08T15:28:59","modified_gmt":"2026-04-08T15:28:59","slug":"aktuelles","status":"publish","type":"page","link":"https:\/\/indienhilfe-franklin.de\/","title":{"rendered":"Aktuelles"},"content":{"rendered":"\n<p><strong>Pater Franklin, Pater Attley und ihre Mitbr\u00fcder danken f\u00fcr das gute Gelingen sowie das gro\u00dfe Spendenaufkommen des 45. Hungermarsches der Indienhilfe<\/strong><\/p>\n\n\n\n<p><strong>Er\u00f6ffnet wurde der 45. Hungermarsch mit einem festlichen Gottesdienst. <\/strong>Die mitrei\u00dfende, musikalische Begleitung w\u00e4hrend des Gottesdienstes, die von Bernd und Thomas Greiner sowie Simon D\u00f6rzapf dargeboten wurde, trug dazu bei, dass die Teilnehmenden beschwingt die lange Strecke des Hungermarsches antreten konnten. Insgesamt wurden im Gottesdienst nahezu 300 Teilnehmer gez\u00e4hlt.<\/p>\n\n\n\n<p>Sowohl Pfarrer Michael Kolb, der den Gottesdienst mit Pfarrer Stephan Petri zelebrierte, als auch Franz Xaver Scherrer von der Indienhilfe Pater Franklin e.V., gedachten in wertsch\u00e4tzenden Worten dem k\u00fcrzlich verstorbenen Hubert Borger. Seit den 1990er Jahren war er als erster Vorsitzender einer der engagiertesten Unterst\u00fctzer des Vereins. \u201eEr hat immer viel geleistet, sowohl in den Planungen als auch in der Durchf\u00fchrung des Hungermarschs\u201c, betont auch Diakon Hanspeter Imhoff als zweiter Vorsitzender der Indienhilfe Pater Franklin e.V&#8230;<\/p>\n\n\n\n<p>Auch Scherrer ist zuversichtlich: \u201eDie Indienhilfe wird bestehen bleiben\u201c.<\/p>\n\n\n\n<figure class=\"wp-block-gallery has-nested-images columns-default is-cropped wp-block-gallery-2 is-layout-flex wp-block-gallery-is-layout-flex\">\n<figure class=\"wp-block-image size-large\"><img loading=\"lazy\" decoding=\"async\" width=\"1024\" height=\"576\" data-id=\"555\" src=\"https:\/\/indienhilfe-franklin.de\/wp-content\/uploads\/2026\/04\/20260315_100804-1024x576.jpg\" alt=\"\" class=\"wp-image-555\" srcset=\"https:\/\/indienhilfe-franklin.de\/wp-content\/uploads\/2026\/04\/20260315_100804-1024x576.jpg 1024w, https:\/\/indienhilfe-franklin.de\/wp-content\/uploads\/2026\/04\/20260315_100804-300x169.jpg 300w, https:\/\/indienhilfe-franklin.de\/wp-content\/uploads\/2026\/04\/20260315_100804-768x432.jpg 768w, https:\/\/indienhilfe-franklin.de\/wp-content\/uploads\/2026\/04\/20260315_100804-1536x864.jpg 1536w, https:\/\/indienhilfe-franklin.de\/wp-content\/uploads\/2026\/04\/20260315_100804-2048x1152.jpg 2048w\" sizes=\"auto, (max-width: 1024px) 100vw, 1024px\" \/><\/figure>\n\n\n\n<figure class=\"wp-block-image size-large\"><img loading=\"lazy\" decoding=\"async\" width=\"1024\" height=\"576\" data-id=\"554\" src=\"https:\/\/indienhilfe-franklin.de\/wp-content\/uploads\/2026\/04\/20260315_100045-1024x576.jpg\" alt=\"\" class=\"wp-image-554\" srcset=\"https:\/\/indienhilfe-franklin.de\/wp-content\/uploads\/2026\/04\/20260315_100045-1024x576.jpg 1024w, https:\/\/indienhilfe-franklin.de\/wp-content\/uploads\/2026\/04\/20260315_100045-300x169.jpg 300w, https:\/\/indienhilfe-franklin.de\/wp-content\/uploads\/2026\/04\/20260315_100045-768x432.jpg 768w, https:\/\/indienhilfe-franklin.de\/wp-content\/uploads\/2026\/04\/20260315_100045-1536x864.jpg 1536w, https:\/\/indienhilfe-franklin.de\/wp-content\/uploads\/2026\/04\/20260315_100045-2048x1152.jpg 2048w\" sizes=\"auto, (max-width: 1024px) 100vw, 1024px\" \/><\/figure>\n\n\n\n<figure class=\"wp-block-image size-large\"><img loading=\"lazy\" decoding=\"async\" width=\"1024\" height=\"576\" data-id=\"556\" src=\"https:\/\/indienhilfe-franklin.de\/wp-content\/uploads\/2026\/04\/20260315_104841-1024x576.jpg\" alt=\"\" class=\"wp-image-556\" srcset=\"https:\/\/indienhilfe-franklin.de\/wp-content\/uploads\/2026\/04\/20260315_104841-1024x576.jpg 1024w, https:\/\/indienhilfe-franklin.de\/wp-content\/uploads\/2026\/04\/20260315_104841-300x169.jpg 300w, https:\/\/indienhilfe-franklin.de\/wp-content\/uploads\/2026\/04\/20260315_104841-768x432.jpg 768w, https:\/\/indienhilfe-franklin.de\/wp-content\/uploads\/2026\/04\/20260315_104841-1536x864.jpg 1536w, https:\/\/indienhilfe-franklin.de\/wp-content\/uploads\/2026\/04\/20260315_104841-2048x1152.jpg 2048w\" sizes=\"auto, (max-width: 1024px) 100vw, 1024px\" \/><\/figure>\n<\/figure>\n\n\n\n<p>Pater Franklin konnte dieses Jahr leider nicht beim Hungermarsch dabei sein. Altersbedingt und aufgrund von gesundheitlichen Einschr\u00e4nkungen war ihm das nicht m\u00f6glich. Sein Ziel ist es aber, noch einmal nach Deutschland zu kommen. &nbsp;Auch der geplante Flug seines Mitbruders Pater Attley Gomes wurde aufgrund der Kriegsereignisse im Nahen Osten gestrichen. In einem Gru\u00dfwort lie\u00df er sein Bedauern und seinen Dank \u00fcberbringen: \u201eIch danke euch von Herzen f\u00fcr eure Unterst\u00fctzung der Projekte von Pater Franklin, meiner eigenen und der der Pilar Patres f\u00fcr die Armen in Indien.\u201c<\/p>\n\n\n\n<figure class=\"wp-block-gallery has-nested-images columns-default is-cropped wp-block-gallery-3 is-layout-flex wp-block-gallery-is-layout-flex\">\n<figure class=\"wp-block-image size-medium\"><img loading=\"lazy\" decoding=\"async\" width=\"225\" height=\"300\" data-id=\"557\" src=\"https:\/\/indienhilfe-franklin.de\/wp-content\/uploads\/2026\/04\/IMG-20260120-WA0009-225x300.jpg\" alt=\"\" class=\"wp-image-557\" srcset=\"https:\/\/indienhilfe-franklin.de\/wp-content\/uploads\/2026\/04\/IMG-20260120-WA0009-225x300.jpg 225w, https:\/\/indienhilfe-franklin.de\/wp-content\/uploads\/2026\/04\/IMG-20260120-WA0009-768x1024.jpg 768w, https:\/\/indienhilfe-franklin.de\/wp-content\/uploads\/2026\/04\/IMG-20260120-WA0009-1152x1536.jpg 1152w, https:\/\/indienhilfe-franklin.de\/wp-content\/uploads\/2026\/04\/IMG-20260120-WA0009.jpg 1200w\" sizes=\"auto, (max-width: 225px) 100vw, 225px\" \/><\/figure>\n\n\n\n<figure class=\"wp-block-image size-medium\"><img loading=\"lazy\" decoding=\"async\" width=\"225\" height=\"300\" data-id=\"558\" src=\"https:\/\/indienhilfe-franklin.de\/wp-content\/uploads\/2026\/04\/IMG-20260120-WA0010-225x300.jpg\" alt=\"\" class=\"wp-image-558\" srcset=\"https:\/\/indienhilfe-franklin.de\/wp-content\/uploads\/2026\/04\/IMG-20260120-WA0010-225x300.jpg 225w, https:\/\/indienhilfe-franklin.de\/wp-content\/uploads\/2026\/04\/IMG-20260120-WA0010-768x1024.jpg 768w, https:\/\/indienhilfe-franklin.de\/wp-content\/uploads\/2026\/04\/IMG-20260120-WA0010-1152x1536.jpg 1152w, https:\/\/indienhilfe-franklin.de\/wp-content\/uploads\/2026\/04\/IMG-20260120-WA0010.jpg 1200w\" sizes=\"auto, (max-width: 225px) 100vw, 225px\" \/><\/figure>\n\n\n\n<figure class=\"wp-block-image size-medium\"><img loading=\"lazy\" decoding=\"async\" width=\"225\" height=\"300\" data-id=\"559\" src=\"https:\/\/indienhilfe-franklin.de\/wp-content\/uploads\/2026\/04\/IMG-20260120-WA0011-225x300.jpg\" alt=\"\" class=\"wp-image-559\" srcset=\"https:\/\/indienhilfe-franklin.de\/wp-content\/uploads\/2026\/04\/IMG-20260120-WA0011-225x300.jpg 225w, https:\/\/indienhilfe-franklin.de\/wp-content\/uploads\/2026\/04\/IMG-20260120-WA0011-768x1024.jpg 768w, https:\/\/indienhilfe-franklin.de\/wp-content\/uploads\/2026\/04\/IMG-20260120-WA0011-1152x1536.jpg 1152w, https:\/\/indienhilfe-franklin.de\/wp-content\/uploads\/2026\/04\/IMG-20260120-WA0011.jpg 1200w\" sizes=\"auto, (max-width: 225px) 100vw, 225px\" \/><\/figure>\n\n\n\n<figure class=\"wp-block-image size-medium\"><img loading=\"lazy\" decoding=\"async\" width=\"225\" height=\"300\" data-id=\"560\" src=\"https:\/\/indienhilfe-franklin.de\/wp-content\/uploads\/2026\/04\/IMG-20260120-WA0015-225x300.jpg\" alt=\"\" class=\"wp-image-560\" srcset=\"https:\/\/indienhilfe-franklin.de\/wp-content\/uploads\/2026\/04\/IMG-20260120-WA0015-225x300.jpg 225w, https:\/\/indienhilfe-franklin.de\/wp-content\/uploads\/2026\/04\/IMG-20260120-WA0015-768x1024.jpg 768w, https:\/\/indienhilfe-franklin.de\/wp-content\/uploads\/2026\/04\/IMG-20260120-WA0015-1152x1536.jpg 1152w, https:\/\/indienhilfe-franklin.de\/wp-content\/uploads\/2026\/04\/IMG-20260120-WA0015.jpg 1200w\" sizes=\"auto, (max-width: 225px) 100vw, 225px\" \/><\/figure>\n\n\n\n<figure class=\"wp-block-image size-medium\"><img loading=\"lazy\" decoding=\"async\" width=\"300\" height=\"225\" data-id=\"561\" src=\"https:\/\/indienhilfe-franklin.de\/wp-content\/uploads\/2026\/04\/IMG-20260120-WA0016-300x225.jpg\" alt=\"\" class=\"wp-image-561\" srcset=\"https:\/\/indienhilfe-franklin.de\/wp-content\/uploads\/2026\/04\/IMG-20260120-WA0016-300x225.jpg 300w, https:\/\/indienhilfe-franklin.de\/wp-content\/uploads\/2026\/04\/IMG-20260120-WA0016-1024x768.jpg 1024w, https:\/\/indienhilfe-franklin.de\/wp-content\/uploads\/2026\/04\/IMG-20260120-WA0016-768x576.jpg 768w, https:\/\/indienhilfe-franklin.de\/wp-content\/uploads\/2026\/04\/IMG-20260120-WA0016-1536x1152.jpg 1536w, https:\/\/indienhilfe-franklin.de\/wp-content\/uploads\/2026\/04\/IMG-20260120-WA0016.jpg 2048w\" sizes=\"auto, (max-width: 300px) 100vw, 300px\" \/><\/figure>\n\n\n\n<figure class=\"wp-block-image size-medium\"><img loading=\"lazy\" decoding=\"async\" width=\"225\" height=\"300\" data-id=\"563\" src=\"https:\/\/indienhilfe-franklin.de\/wp-content\/uploads\/2026\/04\/IMG-20260120-WA0045-225x300.jpg\" alt=\"\" class=\"wp-image-563\" srcset=\"https:\/\/indienhilfe-franklin.de\/wp-content\/uploads\/2026\/04\/IMG-20260120-WA0045-225x300.jpg 225w, https:\/\/indienhilfe-franklin.de\/wp-content\/uploads\/2026\/04\/IMG-20260120-WA0045-768x1024.jpg 768w, https:\/\/indienhilfe-franklin.de\/wp-content\/uploads\/2026\/04\/IMG-20260120-WA0045-1152x1536.jpg 1152w, https:\/\/indienhilfe-franklin.de\/wp-content\/uploads\/2026\/04\/IMG-20260120-WA0045.jpg 1200w\" sizes=\"auto, (max-width: 225px) 100vw, 225px\" \/><\/figure>\n<\/figure>\n\n\n\n<p>Die diesj\u00e4hrige Spendensumme des Hungermarsches bel\u00e4uft sich auf \u00fcber 40.000 EUR. Die Verantwortlichen Imhoff und Scherrer waren sehr zufrieden. auch waren sie von der Teilnehmerzahl sowie der Spendenh\u00f6he positiv \u00fcberrascht.<\/p>\n\n\n\n<p>Dieses Jahr werden die Spenden nicht in ein konkretes Projekt flie\u00dfen. Sie sollen der Vielzahl der Aufgaben der Pilar Fathers zugutekommen, besonders f\u00fcr die schulische Ausbildung der Kinder und jungen Erwachsenen sowie zur Unterst\u00fctzung der Leprakranken in der Missionsstation und f\u00fcr die Versorgung der Menschen in Kalkutta mit Essen und medizinischer Hilfe.<\/p>\n\n\n\n<p>Wir danken allen Helferinnen und Helfer, aus B\u00fcchelberg, Berg und Hagenbach, f\u00fcr ihren Einsatz zur Verk\u00f6stigung der Teilnehmer. Ein herzlicher Dank geht auch an die Frauengemeinschaften von Maximiliansau und R\u00fclzheim, die Hagenbach beim Kuchen backen unterst\u00fctzten. Danke an die K\u00fcche der Lebenshilfe Kandel f\u00fcr den leckeren Eintopf und Verk\u00f6stigung f\u00fcr Hagenbach. Unser Dank geht auch an alle, die zur Gestaltung des festlichen Gottesdienstes beigetragen haben.<\/p>\n\n\n\n<p>Ihre Indienhilfe Pater Franklin<\/p>\n\n\n\n<p>Spendenkonten:<\/p>\n\n\n\n<p>Kennwort Hungermarsch-Indienhilfe Pater Franklin e.V.<\/p>\n\n\n\n<p>VR Bank S\u00fcdpfalz, &nbsp;&nbsp;&nbsp;IBAN:&nbsp;&nbsp;&nbsp;&nbsp;&nbsp;&nbsp;&nbsp;&nbsp;&nbsp;&nbsp;&nbsp; DE56 5486 2500 0002 8391 80&nbsp;&nbsp; &nbsp;oder<\/p>\n\n\n\n<p>Sparkasse S\u00fcdpfalz, IBAN:&nbsp;&nbsp;&nbsp;&nbsp;&nbsp;&nbsp;&nbsp;&nbsp;&nbsp;&nbsp;&nbsp; DE38 5485 0010 0001 0108 00<\/p>\n\n\n\n<p><\/p>\n\n\n\n\n\n\n\n\n\n<div class=\"wp-block-file\"><a id=\"wp-block-file--media-98111f10-5b4a-4ff7-8fa1-054626ec1ef6\" href=\"https:\/\/indienhilfe-franklin.de\/wp-content\/uploads\/2026\/04\/Dankbrief-2026.pdf\">Dankbrief 2026<\/a><a href=\"https:\/\/indienhilfe-franklin.de\/wp-content\/uploads\/2026\/04\/Dankbrief-2026.pdf\" class=\"wp-block-file__button wp-element-button\" download aria-describedby=\"wp-block-file--media-98111f10-5b4a-4ff7-8fa1-054626ec1ef6\">Herunterladen<\/a><\/div>\n","protected":false},"excerpt":{"rendered":"<p>Pater Franklin, Pater Attley und ihre Mitbr\u00fcder danken f\u00fcr das gute Gelingen sowie das gro\u00dfe Spendenaufkommen des 45. Hungermarsches der Indienhilfe Er\u00f6ffnet wurde der 45.&hellip;<\/p>\n","protected":false},"author":1,"featured_media":0,"parent":0,"menu_order":0,"comment_status":"closed","ping_status":"closed","template":"","meta":{"footnotes":""},"class_list":["post-32","page","type-page","status-publish","hentry"],"_links":{"self":[{"href":"https:\/\/indienhilfe-franklin.de\/index.php?rest_route=\/wp\/v2\/pages\/32","targetHints":{"allow":["GET"]}}],"collection":[{"href":"https:\/\/indienhilfe-franklin.de\/index.php?rest_route=\/wp\/v2\/pages"}],"about":[{"href":"https:\/\/indienhilfe-franklin.de\/index.php?rest_route=\/wp\/v2\/types\/page"}],"author":[{"embeddable":true,"href":"https:\/\/indienhilfe-franklin.de\/index.php?rest_route=\/wp\/v2\/users\/1"}],"replies":[{"embeddable":true,"href":"https:\/\/indienhilfe-franklin.de\/index.php?rest_route=%2Fwp%2Fv2%2Fcomments&post=32"}],"version-history":[{"count":28,"href":"https:\/\/indienhilfe-franklin.de\/index.php?rest_route=\/wp\/v2\/pages\/32\/revisions"}],"predecessor-version":[{"id":568,"href":"https:\/\/indienhilfe-franklin.de\/index.php?rest_route=\/wp\/v2\/pages\/32\/revisions\/568"}],"wp:attachment":[{"href":"https:\/\/indienhilfe-franklin.de\/index.php?rest_route=%2Fwp%2Fv2%2Fmedia&parent=32"}],"curies":[{"name":"wp","href":"https:\/\/api.w.org\/{rel}","templated":true}]}}