{"id":318,"date":"2021-10-11T18:16:02","date_gmt":"2021-10-11T18:16:02","guid":{"rendered":"https:\/\/indienhilfe-franklin.de\/?page_id=318"},"modified":"2021-10-11T18:17:46","modified_gmt":"2021-10-11T18:17:46","slug":"ziegenprojekt","status":"publish","type":"page","link":"https:\/\/indienhilfe-franklin.de\/?page_id=318","title":{"rendered":"Ziegenprojekt"},"content":{"rendered":"\n<p><\/p>\n\n\n\n<p>F\u00fcr die Kinder sind die Ziegen Spielkamerad und Nutztier zugleich. Liebevoll und dankbar tragen sie die Tiere in ihren Armen und genie\u00dfen dann die Milch der Tiere<br>Hier eines unserer wichtigsten Projekte \u2013 das Ziegenprojekt. F\u00fcr unsere Familien ist das eine gro\u00dfe Zukunftschance. Jede Familie bekommt 2 Ziegen. Die ersten Jungtiere m\u00fcssen dann an andere Familien weiter-gegeben werden. So breitet sich unsere Hilfe im Schneeballsystem aus.<\/p>\n\n\n\n<figure class=\"wp-block-gallery columns-3 is-cropped wp-block-gallery-2 is-layout-flex wp-block-gallery-is-layout-flex\"><ul class=\"blocks-gallery-grid\"><li class=\"blocks-gallery-item\"><figure><img loading=\"lazy\" decoding=\"async\" width=\"500\" height=\"332\" src=\"https:\/\/indienhilfe-franklin.de\/wp-content\/uploads\/2021\/08\/ziegenprojekt.jpg\" alt=\"\" data-id=\"81\" data-full-url=\"https:\/\/indienhilfe-franklin.de\/wp-content\/uploads\/2021\/08\/ziegenprojekt.jpg\" data-link=\"https:\/\/indienhilfe-franklin.de\/projekte\/ihre-hilfe-kommt-an\/ziegenprojekt\" class=\"wp-image-81\" srcset=\"https:\/\/indienhilfe-franklin.de\/wp-content\/uploads\/2021\/08\/ziegenprojekt.jpg 500w, https:\/\/indienhilfe-franklin.de\/wp-content\/uploads\/2021\/08\/ziegenprojekt-300x199.jpg 300w\" sizes=\"auto, (max-width: 500px) 100vw, 500px\" \/><\/figure><\/li><li class=\"blocks-gallery-item\"><figure><img loading=\"lazy\" decoding=\"async\" width=\"500\" height=\"385\" src=\"https:\/\/indienhilfe-franklin.de\/wp-content\/uploads\/2021\/08\/ziegenprojekt3.jpg\" alt=\"\" data-id=\"83\" data-full-url=\"https:\/\/indienhilfe-franklin.de\/wp-content\/uploads\/2021\/08\/ziegenprojekt3.jpg\" data-link=\"https:\/\/indienhilfe-franklin.de\/projekte\/ihre-hilfe-kommt-an\/ziegenprojekt3\" class=\"wp-image-83\" srcset=\"https:\/\/indienhilfe-franklin.de\/wp-content\/uploads\/2021\/08\/ziegenprojekt3.jpg 500w, https:\/\/indienhilfe-franklin.de\/wp-content\/uploads\/2021\/08\/ziegenprojekt3-300x231.jpg 300w\" sizes=\"auto, (max-width: 500px) 100vw, 500px\" \/><\/figure><\/li><li class=\"blocks-gallery-item\"><figure><img loading=\"lazy\" decoding=\"async\" width=\"500\" height=\"375\" src=\"https:\/\/indienhilfe-franklin.de\/wp-content\/uploads\/2021\/08\/ziegenprojekt2.jpg\" alt=\"\" data-id=\"82\" data-full-url=\"https:\/\/indienhilfe-franklin.de\/wp-content\/uploads\/2021\/08\/ziegenprojekt2.jpg\" data-link=\"https:\/\/indienhilfe-franklin.de\/projekte\/ihre-hilfe-kommt-an\/ziegenprojekt2\" class=\"wp-image-82\" srcset=\"https:\/\/indienhilfe-franklin.de\/wp-content\/uploads\/2021\/08\/ziegenprojekt2.jpg 500w, https:\/\/indienhilfe-franklin.de\/wp-content\/uploads\/2021\/08\/ziegenprojekt2-300x225.jpg 300w\" sizes=\"auto, (max-width: 500px) 100vw, 500px\" \/><\/figure><\/li><\/ul><\/figure>\n","protected":false},"excerpt":{"rendered":"<p>F\u00fcr die Kinder sind die Ziegen Spielkamerad und Nutztier zugleich. Liebevoll und dankbar tragen sie die Tiere in ihren Armen und genie\u00dfen dann die Milch&hellip;<\/p>\n","protected":false},"author":1,"featured_media":0,"parent":297,"menu_order":0,"comment_status":"closed","ping_status":"closed","template":"","meta":{"footnotes":""},"class_list":["post-318","page","type-page","status-publish","hentry"],"_links":{"self":[{"href":"https:\/\/indienhilfe-franklin.de\/index.php?rest_route=\/wp\/v2\/pages\/318","targetHints":{"allow":["GET"]}}],"collection":[{"href":"https:\/\/indienhilfe-franklin.de\/index.php?rest_route=\/wp\/v2\/pages"}],"about":[{"href":"https:\/\/indienhilfe-franklin.de\/index.php?rest_route=\/wp\/v2\/types\/page"}],"author":[{"embeddable":true,"href":"https:\/\/indienhilfe-franklin.de\/index.php?rest_route=\/wp\/v2\/users\/1"}],"replies":[{"embeddable":true,"href":"https:\/\/indienhilfe-franklin.de\/index.php?rest_route=%2Fwp%2Fv2%2Fcomments&post=318"}],"version-history":[{"count":1,"href":"https:\/\/indienhilfe-franklin.de\/index.php?rest_route=\/wp\/v2\/pages\/318\/revisions"}],"predecessor-version":[{"id":321,"href":"https:\/\/indienhilfe-franklin.de\/index.php?rest_route=\/wp\/v2\/pages\/318\/revisions\/321"}],"up":[{"embeddable":true,"href":"https:\/\/indienhilfe-franklin.de\/index.php?rest_route=\/wp\/v2\/pages\/297"}],"wp:attachment":[{"href":"https:\/\/indienhilfe-franklin.de\/index.php?rest_route=%2Fwp%2Fv2%2Fmedia&parent=318"}],"curies":[{"name":"wp","href":"https:\/\/api.w.org\/{rel}","templated":true}]}}