{"id":293,"date":"2021-10-11T18:09:08","date_gmt":"2021-10-11T18:09:08","guid":{"rendered":"https:\/\/indienhilfe-franklin.de\/?page_id=293"},"modified":"2022-03-18T17:18:47","modified_gmt":"2022-03-18T17:18:47","slug":"aktionsgruppe-speyer","status":"publish","type":"page","link":"https:\/\/indienhilfe-franklin.de\/?page_id=293","title":{"rendered":"Aktionsgruppe Speyer"},"content":{"rendered":"\n<p><strong><em>Es gibt nichts Gutes, au\u00dfer man tut es (Erich K\u00e4stner)<\/em><\/strong><\/p>\n\n\n\n<p>Genau in diesem Sinne haben sich 1976 mehrere Speyerer Familien zusammengetan, um Pater Franklin in Indien zu unterst\u00fctzen.<\/p>\n\n\n\n<p>Mit nun schon mehreren Generationen versuchen wir ehrenamtlich zu helfen, um Kinder und Familien in Indien eine Chance zu geben, die weit unter der Armutsgrenze leben.<\/p>\n\n\n\n<p>Dabei bringen wir alle unsere Kreativit\u00e4t, unser Geschick und unsere Ideen ein.&nbsp;<\/p>\n\n\n\n<p>Der Verkauf von Floristik, Kr\u00e4nzen (Buchskr\u00e4nze im Fr\u00fchjahr, bunte Blumenkr\u00e4nze im Sp\u00e4tsommer, T\u00fcrkr\u00e4nze im Herbst und Adventskr\u00e4nzen zum Advent) verschafft uns unter dem Jahr durch \u201eStammkunden\u201c Einnahmen, die wir gerne nach Indien weitergeben. Bei manchen Festlichkeiten bieten wir die Floristik zum Verkauf und bei den Speyerer Basteltagen &#8211; immer Mitte November &#8211; auch zum Selbermachen.<\/p>\n\n\n\n<p>Kulinarisches und Pf\u00e4lzer Leckereien gibt es dann beim Speyerer Altstadtfest, das immer am 2. Septemberwochenende stattfindet. Begonnen hatte es mit dem Verkauf von Waffeln und Schmalzbroten, inzwischen gibt es unsere beliebten hausgemachten Dampfnudeln und dazu eine \u201eP\u00e4lzer Grummbeersupp\u201c oder einen Rieslingschorle.<\/p>\n\n\n\n<p>Zu Beginn der Corona-Pandemie konnten wir mit selbstgen\u00e4hten Masken\/Mund-Nasen-Schutz einen guten Gewinn erzielen.<\/p>\n\n\n\n<p>Jede und jeder hilft, so gut er kann \u2013 und das in manchen Familien schon in der dritten Generation!<\/p>\n","protected":false},"excerpt":{"rendered":"<p>Es gibt nichts Gutes, au\u00dfer man tut es (Erich K\u00e4stner) Genau in diesem Sinne haben sich 1976 mehrere Speyerer Familien zusammengetan, um Pater Franklin in&hellip;<\/p>\n","protected":false},"author":1,"featured_media":0,"parent":272,"menu_order":0,"comment_status":"closed","ping_status":"closed","template":"","meta":{"footnotes":""},"class_list":["post-293","page","type-page","status-publish","hentry"],"_links":{"self":[{"href":"https:\/\/indienhilfe-franklin.de\/index.php?rest_route=\/wp\/v2\/pages\/293","targetHints":{"allow":["GET"]}}],"collection":[{"href":"https:\/\/indienhilfe-franklin.de\/index.php?rest_route=\/wp\/v2\/pages"}],"about":[{"href":"https:\/\/indienhilfe-franklin.de\/index.php?rest_route=\/wp\/v2\/types\/page"}],"author":[{"embeddable":true,"href":"https:\/\/indienhilfe-franklin.de\/index.php?rest_route=\/wp\/v2\/users\/1"}],"replies":[{"embeddable":true,"href":"https:\/\/indienhilfe-franklin.de\/index.php?rest_route=%2Fwp%2Fv2%2Fcomments&post=293"}],"version-history":[{"count":2,"href":"https:\/\/indienhilfe-franklin.de\/index.php?rest_route=\/wp\/v2\/pages\/293\/revisions"}],"predecessor-version":[{"id":460,"href":"https:\/\/indienhilfe-franklin.de\/index.php?rest_route=\/wp\/v2\/pages\/293\/revisions\/460"}],"up":[{"embeddable":true,"href":"https:\/\/indienhilfe-franklin.de\/index.php?rest_route=\/wp\/v2\/pages\/272"}],"wp:attachment":[{"href":"https:\/\/indienhilfe-franklin.de\/index.php?rest_route=%2Fwp%2Fv2%2Fmedia&parent=293"}],"curies":[{"name":"wp","href":"https:\/\/api.w.org\/{rel}","templated":true}]}}