{"id":289,"date":"2021-10-11T18:08:59","date_gmt":"2021-10-11T18:08:59","guid":{"rendered":"https:\/\/indienhilfe-franklin.de\/?page_id=289"},"modified":"2021-11-03T16:46:45","modified_gmt":"2021-11-03T16:46:45","slug":"sternsingeraktion","status":"publish","type":"page","link":"https:\/\/indienhilfe-franklin.de\/?page_id=289","title":{"rendered":"Sternsingeraktion"},"content":{"rendered":"\n<p>Das Sternsingen erinnert an die Geschichte der Heiligen 3 K\u00f6nige (Sterndeuter), die dem Stern folgend das Kind in der Krippe finden, ihm huldigen, Geschenke bringen und so Segen erlangen. Im 16. Jahrhundert kam der Gedanke des Spendensammelns auf.<\/p>\n\n\n\n<p>Der Brauch des Sternsingens wurde nach dem Krieg mit dem Gedanken, Kinder sammeln Spenden f\u00fcr Kinder in der Dritten Welt, neu belebt. In Verbindung mit dem Kindermissionswerk ist diese Aktion heute die gr\u00f6\u00dfte Solidarit\u00e4tsaktion von Kindern f\u00fcr Kinder.<\/p>\n\n\n\n<p>Seit 1981sind die Sternsinger von R\u00fclzheim und seit ? auch die Sternsinger von Kuhardt unterwegs, um Spenden f\u00fcr die Kinder in Indien zu sammeln So konnten ihm Jahr 2021 \u2026.. \u20ac f\u00fcr Pater Franklin gesammelt werden. In seinen Dankesbriefen sagt er, wie wichtig diese Solidarit\u00e4tsaktion f\u00fcr die Kinder in Indien ist.<\/p>\n","protected":false},"excerpt":{"rendered":"<p>Das Sternsingen erinnert an die Geschichte der Heiligen 3 K\u00f6nige (Sterndeuter), die dem Stern folgend das Kind in der Krippe finden, ihm huldigen, Geschenke bringen&hellip;<\/p>\n","protected":false},"author":1,"featured_media":0,"parent":272,"menu_order":0,"comment_status":"closed","ping_status":"closed","template":"","meta":{"footnotes":""},"class_list":["post-289","page","type-page","status-publish","hentry"],"_links":{"self":[{"href":"https:\/\/indienhilfe-franklin.de\/index.php?rest_route=\/wp\/v2\/pages\/289","targetHints":{"allow":["GET"]}}],"collection":[{"href":"https:\/\/indienhilfe-franklin.de\/index.php?rest_route=\/wp\/v2\/pages"}],"about":[{"href":"https:\/\/indienhilfe-franklin.de\/index.php?rest_route=\/wp\/v2\/types\/page"}],"author":[{"embeddable":true,"href":"https:\/\/indienhilfe-franklin.de\/index.php?rest_route=\/wp\/v2\/users\/1"}],"replies":[{"embeddable":true,"href":"https:\/\/indienhilfe-franklin.de\/index.php?rest_route=%2Fwp%2Fv2%2Fcomments&post=289"}],"version-history":[{"count":2,"href":"https:\/\/indienhilfe-franklin.de\/index.php?rest_route=\/wp\/v2\/pages\/289\/revisions"}],"predecessor-version":[{"id":418,"href":"https:\/\/indienhilfe-franklin.de\/index.php?rest_route=\/wp\/v2\/pages\/289\/revisions\/418"}],"up":[{"embeddable":true,"href":"https:\/\/indienhilfe-franklin.de\/index.php?rest_route=\/wp\/v2\/pages\/272"}],"wp:attachment":[{"href":"https:\/\/indienhilfe-franklin.de\/index.php?rest_route=%2Fwp%2Fv2%2Fmedia&parent=289"}],"curies":[{"name":"wp","href":"https:\/\/api.w.org\/{rel}","templated":true}]}}