{"id":285,"date":"2021-10-11T18:08:46","date_gmt":"2021-10-11T18:08:46","guid":{"rendered":"https:\/\/indienhilfe-franklin.de\/?page_id=285"},"modified":"2021-11-03T16:47:32","modified_gmt":"2021-11-03T16:47:32","slug":"kleine-buehne-landau","status":"publish","type":"page","link":"https:\/\/indienhilfe-franklin.de\/?page_id=285","title":{"rendered":"Kleine B\u00fchne Landau"},"content":{"rendered":"\n<p>Die Katholische Junge Gemeinde Queichheim hatte im Jahr 1979 viele aktive Gruppen. In den Gruppenstunden wurde gebastelt,\u00a0 gesungen, gespielt \u2013 und es wurden auch Sketche einstudiert, f\u00fcr die Elternabende.<\/p>\n\n\n\n<p>Die Gruppenleiter suchten diese Kurz-St\u00fccke aus und f\u00fchrten Regie. Tipps und Unterst\u00fctzung gab es bei einem Theater-Workshop im Christophorus-Haus in Bad D\u00fcrkheim, die Leitung hatte Hugo Steegm\u00fcller.<\/p>\n\n\n\n<p>Willi Prokop, Franz Pfalzer und Heidi Glatz waren die Teilnehmer aus Queichheim \u2013 und diese Teilnahme war der Beginn der Kleinen B\u00fchne Landau.<\/p>\n\n\n\n<p>Die Theater-Arbeit an diesem Wochenende machte solchen Spa\u00df, dass die Anfrage von Hugo, ob die drei Queichheimer bei der Ottersheimer Theatergruppe kleine Rollen \u00fcbernehmen w\u00fcrden, sofort mit Begeisterung bejaht wurde. Das erste abendf\u00fcllende Theaterst\u00fcck weckte den Gedanken:<\/p>\n\n\n\n<p>\u201eDas machen wir in Queichheim auch!\u201c Sehr sorgf\u00e4ltig wurde das St\u00fcck ausgew\u00e4hlt:\u201eINGEBORG\u201c von Curt Goetz wurde 1980 in der Turnhalle Queichheim aufgef\u00fchrt.<\/p>\n\n\n\n<p>Sehr bald stand f\u00fcr uns fest: der Erl\u00f6s soll nicht uns zukommen.<\/p>\n\n\n\n<p>Es war wie eine F\u00fcgung, dass damals Anfang des Jahres 1980 Pater Franklin in der S\u00fcdpfalz weilte und auch einen Vortrag in Queichheim hielt. Pater Franklin \u00fcberzeugte durch zwei Fakten: das Geld kommt den \u00c4rmsten der Armen zu und zwar direkt und ohne jeden Abzug.<\/p>\n\n\n\n<p>Damals ging der Erl\u00f6s noch ausschlie\u00dflich an das Projekt Nagar Haveli, doch schon bald konnten weitere Projekte in anderen St\u00e4dten in Angriff genommen werden, wie ein Programm f\u00fcr Stra\u00dfenkinder in der Stadt Beiragarh oder Projekte in Shantinagar, Nagpur, Bophal und Agartala.<\/p>\n\n\n\n<p>545,81 DM kamen im ersten Jahr zusammen.<\/p>\n\n\n\n<p>Mittlerweile ist der j\u00e4hrliche Erl\u00f6s gestiegen und ist \u00fcber die Jahre hinweg auf \u00fcber 100 000 \u20ac angewachsen.<\/p>\n\n\n\n<p>Weitere Informationen \u00fcber die kleine B\u00fchne Landau finden Sie unter <a href=\"http:\/\/www.kleinebuehnelandau.de\">http:\/\/www.kleinebuehnelandau.de<\/a><\/p>\n","protected":false},"excerpt":{"rendered":"<p>Die Katholische Junge Gemeinde Queichheim hatte im Jahr 1979 viele aktive Gruppen. In den Gruppenstunden wurde gebastelt,\u00a0 gesungen, gespielt \u2013 und es wurden auch Sketche&hellip;<\/p>\n","protected":false},"author":1,"featured_media":0,"parent":272,"menu_order":0,"comment_status":"closed","ping_status":"closed","template":"","meta":{"footnotes":""},"class_list":["post-285","page","type-page","status-publish","hentry"],"_links":{"self":[{"href":"https:\/\/indienhilfe-franklin.de\/index.php?rest_route=\/wp\/v2\/pages\/285","targetHints":{"allow":["GET"]}}],"collection":[{"href":"https:\/\/indienhilfe-franklin.de\/index.php?rest_route=\/wp\/v2\/pages"}],"about":[{"href":"https:\/\/indienhilfe-franklin.de\/index.php?rest_route=\/wp\/v2\/types\/page"}],"author":[{"embeddable":true,"href":"https:\/\/indienhilfe-franklin.de\/index.php?rest_route=\/wp\/v2\/users\/1"}],"replies":[{"embeddable":true,"href":"https:\/\/indienhilfe-franklin.de\/index.php?rest_route=%2Fwp%2Fv2%2Fcomments&post=285"}],"version-history":[{"count":2,"href":"https:\/\/indienhilfe-franklin.de\/index.php?rest_route=\/wp\/v2\/pages\/285\/revisions"}],"predecessor-version":[{"id":419,"href":"https:\/\/indienhilfe-franklin.de\/index.php?rest_route=\/wp\/v2\/pages\/285\/revisions\/419"}],"up":[{"embeddable":true,"href":"https:\/\/indienhilfe-franklin.de\/index.php?rest_route=\/wp\/v2\/pages\/272"}],"wp:attachment":[{"href":"https:\/\/indienhilfe-franklin.de\/index.php?rest_route=%2Fwp%2Fv2%2Fmedia&parent=285"}],"curies":[{"name":"wp","href":"https:\/\/api.w.org\/{rel}","templated":true}]}}