{"id":276,"date":"2021-10-11T18:05:56","date_gmt":"2021-10-11T18:05:56","guid":{"rendered":"https:\/\/indienhilfe-franklin.de\/?page_id=276"},"modified":"2022-03-02T09:28:48","modified_gmt":"2022-03-02T09:28:48","slug":"laedchen-herxheim","status":"publish","type":"page","link":"https:\/\/indienhilfe-franklin.de\/?page_id=276","title":{"rendered":"L\u00e4dchen Herxheim"},"content":{"rendered":"\n<h3 class=\"wp-block-heading\" id=\"ein-bericht-von-der-leiterin-ursel-werther-vom-januar-2022\">Ein Bericht von der Leiterin Ursel Werther vom Januar 2022<\/h3>\n\n\n\n<p>Nach meinem Umzug und dadurch auch meine Versetzung an das Pamina-Schulzentrum in Herxheim im Jahre 1980 lernte ich nach weingen Wochen die dort bereits stattfindende Indienhilfe kennen. Bald \u00fcbernahm ich die Leitung, er\u00f6ffnete eine Arbeitsgemeinschaft \u201eIndienhilfe\u201c f\u00fcr interessierte Sch\u00fcler. Der Andrang war gro\u00df, dadurch auch der Erfolg.<\/p>\n\n\n\n<p>Die Hauptaktivit\u00e4ten bestanden in den n\u00e4chsten Jahren in der Herstellung von Oster-, Muttertags- und Weihnachtsdekorationen. Diese wurden an Schulfesten, Elternsprechtagen und vor den anstehenden Festtagen auch in der \u00d6ffentlichkeit verkauft.<\/p>\n\n\n\n<p>Bald wurden uns im Schulkeller von Rektor Walter Jochim zwei gro\u00dfe leer stehende&nbsp; R\u00e4ume zur Verf\u00fcgung gestellt. Durch Elterninformationen und \u00fcber das Herxheimer Gemeindeblatt wurde die Bev\u00f6lkerung der Verbandsgemeinde um verkaufbare Sachspenden gebeten und f\u00fcr Besuch des neu gestalteten Flohmarktes motiviert. Mit den nunmehr h\u00f6heren Einnahmen konnte in Indien eine Grundschule und ein Waisenhaus, beide erhielten den Namen \u201eHerxheim\u201c, mitfinanziert werden.<\/p>\n\n\n\n<p>Eigentlich wollte ich nach meiner Pensionierung Schule und auch die 31 Jahre Indienhilfe hinter mir lassen. Es war meine Tochter, die mich nach einem sechsw\u00f6chigen Indienaufenthalt \u201ebekehrte\u201c, als sie mir von dem angetroffenen Elend berichtete.<\/p>\n\n\n\n<p>Da ich die R\u00e4ume im Pamina-Schulzentrum nach meiner Pensionierung 2011 aufgeben musste, mietete ich mit meinem Mann in Herxheim, Holzgasse 30, leer stehende R\u00e4ume einer ehemaligen Sch\u00fcrzenfabrik. Hier findet nun ca. 14-t\u00e4gig Mittwoch von 13.30 bis 17 Uhr und au\u00dferdem an jedem Samstag von 11.45 bis 13.15 Uhr der Flohmarkt der Indienhilfe statt. Zus\u00e4tzlich ist samstags&nbsp; von 10 bis 13 Uhr Warenannahme. Nat\u00fcrlich k\u00f6nnen hierf\u00fcr auch andere Termine zur Abgabe von Sachspenden telefonisch verabredet werden ( Tel.-Nr. 06341.52264 ). Eine &nbsp;Bitte haben die Mitarbeiter\/innen der Indienhilfe noch!! Schauen Sie in Ihre Wohnung, den Keller oder Speicher und spenden Sie, was Sie nicht mehr ben\u00f6tigen und was noch gut erhalten ist. Andere k\u00f6nnen es vielleicht gut gebrauchen. Haupts\u00e4chlich suchen wir T\u00f6pfe, Besteck und Geschirr aus K\u00fcche und Wohnzimmer, Bett- und Tischw\u00e4sche, Dekoration, B\u00fccher und andere Kleinteile sowie guterhaltene Kleidung.<\/p>\n\n\n\n<p><\/p>\n\n\n\n<h3 class=\"wp-block-heading\" id=\"nachster-flohmarkt\">N\u00e4chster Flohmarkt:<\/h3>\n\n\n\n<ul class=\"wp-block-list\"><li>Mittwoch 02.03.2022\u00a0 von 13:30 Uhr \u2013 17:00 Uhr<\/li><li>Mittwoch 02.03.2022\u00a0 von 13:30 Uhr \u2013 17:00 Uhr<\/li><li>Mittwoch 16.03.2022\u00a0 von 13:30 Uhr \u2013 17:00 Uhr<\/li><li>Mittwoch 06.04.2022\u00a0 von 13:30 Uhr \u2013 17:00 Uhr<\/li><li>Mittwoch 13.04.2022\u00a0 von 13:30 Uhr \u2013 17:00 Uhr<\/li><li>Mittwoch 04.05.2022\u00a0 von 13:30 Uhr \u2013 17:00 Uhr<\/li><li>Mittwoch 18.05.2022\u00a0 von 13:30 Uhr \u2013 17:00 Uhr<\/li><li>Mittwoch 01.06.2022\u00a0 von 13:30 Uhr \u2013 17:00 Uhr<\/li><\/ul>\n\n\n\n<p><strong><u>ZUS\u00c4TZLICH <\/u>\u00a0an<\/strong> <strong><u>jedem Samstag<\/u>:<\/strong>\u00a0\u00a0 \u00a0<strong><u>Verkauf von 11:45 bis 13:15 Uhr<\/u>.<\/strong><\/p>\n\n\n\n<p>Am Ostersamstag (16.04.22) ist das &#8222;L\u00e4dchen&#8220; geschlossen<\/p>\n\n\n\n<p>Abgabe von Spenden bitte jeden Samstag von <em><u>10 bis 13 Uhr<\/u><\/em>.  Bei Zeit- oder Transportproblemen Absprache unter 06341-52264 (Frau Werther).<\/p>\n\n\n\n<p><\/p>\n","protected":false},"excerpt":{"rendered":"<p>Ein Bericht von der Leiterin Ursel Werther vom Januar 2022 Nach meinem Umzug und dadurch auch meine Versetzung an das Pamina-Schulzentrum in Herxheim im Jahre&hellip;<\/p>\n","protected":false},"author":1,"featured_media":0,"parent":272,"menu_order":0,"comment_status":"closed","ping_status":"closed","template":"","meta":{"footnotes":""},"class_list":["post-276","page","type-page","status-publish","hentry"],"_links":{"self":[{"href":"https:\/\/indienhilfe-franklin.de\/index.php?rest_route=\/wp\/v2\/pages\/276","targetHints":{"allow":["GET"]}}],"collection":[{"href":"https:\/\/indienhilfe-franklin.de\/index.php?rest_route=\/wp\/v2\/pages"}],"about":[{"href":"https:\/\/indienhilfe-franklin.de\/index.php?rest_route=\/wp\/v2\/types\/page"}],"author":[{"embeddable":true,"href":"https:\/\/indienhilfe-franklin.de\/index.php?rest_route=\/wp\/v2\/users\/1"}],"replies":[{"embeddable":true,"href":"https:\/\/indienhilfe-franklin.de\/index.php?rest_route=%2Fwp%2Fv2%2Fcomments&post=276"}],"version-history":[{"count":5,"href":"https:\/\/indienhilfe-franklin.de\/index.php?rest_route=\/wp\/v2\/pages\/276\/revisions"}],"predecessor-version":[{"id":458,"href":"https:\/\/indienhilfe-franklin.de\/index.php?rest_route=\/wp\/v2\/pages\/276\/revisions\/458"}],"up":[{"embeddable":true,"href":"https:\/\/indienhilfe-franklin.de\/index.php?rest_route=\/wp\/v2\/pages\/272"}],"wp:attachment":[{"href":"https:\/\/indienhilfe-franklin.de\/index.php?rest_route=%2Fwp%2Fv2%2Fmedia&parent=276"}],"curies":[{"name":"wp","href":"https:\/\/api.w.org\/{rel}","templated":true}]}}