{"id":269,"date":"2021-10-11T18:04:37","date_gmt":"2021-10-11T18:04:37","guid":{"rendered":"https:\/\/indienhilfe-franklin.de\/?page_id=269"},"modified":"2021-11-03T16:46:01","modified_gmt":"2021-11-03T16:46:01","slug":"partner","status":"publish","type":"page","link":"https:\/\/indienhilfe-franklin.de\/?page_id=269","title":{"rendered":"Partner"},"content":{"rendered":"\n<p>Durch seine Besuche in Deutschland hat Pater Franklin vielerlei Kontakte gekn\u00fcpft und Menschen kennengelernt, die er f\u00fcr sein Anliegen begeistern konnte. Aus diesen Kontakten sind weitere Organisationen erwachsen, die Pater Franklin unterst\u00fctzen es sind dies die<\/p>\n\n\n\n<p>Indienhilfe obere Nahe e.V., die in Hoppst\u00e4tten-Weiersbach zuhause ist<\/p>\n\n\n\n<p>&nbsp;&nbsp;&nbsp;&nbsp;&nbsp;&nbsp;&nbsp;&nbsp;&nbsp;&nbsp;&nbsp;&nbsp;&nbsp;&nbsp;&nbsp; (<a href=\"http:\/\/www.indienhilfe-oberenahe.de\/\">http:\/\/www.indienhilfe-oberenahe.de\/<\/a>)<\/p>\n\n\n\n<p>Indienhilfe Deutschland e.V., die ihren Sitz in Wallenhorst bei Osnabr\u00fcck hat<\/p>\n\n\n\n<p>&nbsp;&nbsp;&nbsp;&nbsp;&nbsp;&nbsp;&nbsp;&nbsp;&nbsp;&nbsp;&nbsp;&nbsp;&nbsp;&nbsp;&nbsp; (<a href=\"https:\/\/www.indienhilfe-deutschland.de\/\">https:\/\/www.indienhilfe-deutschland.de\/<\/a>)<\/p>\n\n\n\n<p>fr\u00f6hliches kunterbunt (FKB), dessen Heimat im s\u00fcdpf\u00e4lzischen Bad Bergzabern liegt.<\/p>\n\n\n\n<p>&nbsp;&nbsp;&nbsp;&nbsp;&nbsp;&nbsp;&nbsp;&nbsp;&nbsp;&nbsp;&nbsp;&nbsp;&nbsp;&nbsp;&nbsp; (<a href=\"https:\/\/www.fkb-bza.de\/\">https:\/\/www.fkb-bza.de\/<\/a>)<\/p>\n","protected":false},"excerpt":{"rendered":"<p>Durch seine Besuche in Deutschland hat Pater Franklin vielerlei Kontakte gekn\u00fcpft und Menschen kennengelernt, die er f\u00fcr sein Anliegen begeistern konnte. Aus diesen Kontakten sind&hellip;<\/p>\n","protected":false},"author":1,"featured_media":0,"parent":253,"menu_order":0,"comment_status":"closed","ping_status":"closed","template":"","meta":{"footnotes":""},"class_list":["post-269","page","type-page","status-publish","hentry"],"_links":{"self":[{"href":"https:\/\/indienhilfe-franklin.de\/index.php?rest_route=\/wp\/v2\/pages\/269","targetHints":{"allow":["GET"]}}],"collection":[{"href":"https:\/\/indienhilfe-franklin.de\/index.php?rest_route=\/wp\/v2\/pages"}],"about":[{"href":"https:\/\/indienhilfe-franklin.de\/index.php?rest_route=\/wp\/v2\/types\/page"}],"author":[{"embeddable":true,"href":"https:\/\/indienhilfe-franklin.de\/index.php?rest_route=\/wp\/v2\/users\/1"}],"replies":[{"embeddable":true,"href":"https:\/\/indienhilfe-franklin.de\/index.php?rest_route=%2Fwp%2Fv2%2Fcomments&post=269"}],"version-history":[{"count":2,"href":"https:\/\/indienhilfe-franklin.de\/index.php?rest_route=\/wp\/v2\/pages\/269\/revisions"}],"predecessor-version":[{"id":417,"href":"https:\/\/indienhilfe-franklin.de\/index.php?rest_route=\/wp\/v2\/pages\/269\/revisions\/417"}],"up":[{"embeddable":true,"href":"https:\/\/indienhilfe-franklin.de\/index.php?rest_route=\/wp\/v2\/pages\/253"}],"wp:attachment":[{"href":"https:\/\/indienhilfe-franklin.de\/index.php?rest_route=%2Fwp%2Fv2%2Fmedia&parent=269"}],"curies":[{"name":"wp","href":"https:\/\/api.w.org\/{rel}","templated":true}]}}