{"id":256,"date":"2021-10-11T17:58:15","date_gmt":"2021-10-11T17:58:15","guid":{"rendered":"https:\/\/indienhilfe-franklin.de\/?page_id=256"},"modified":"2021-10-11T18:42:56","modified_gmt":"2021-10-11T18:42:56","slug":"die-entstehung-der-indienhilfe-pater-franklin","status":"publish","type":"page","link":"https:\/\/indienhilfe-franklin.de\/?page_id=256","title":{"rendered":"Die Entstehung der Indienhilfe Pater Franklin"},"content":{"rendered":"\n<div class=\"wp-block-media-text alignwide is-stacked-on-mobile is-vertically-aligned-top\"><figure class=\"wp-block-media-text__media\"><img loading=\"lazy\" decoding=\"async\" width=\"500\" height=\"375\" src=\"https:\/\/indienhilfe-franklin.de\/wp-content\/uploads\/2021\/08\/franklin.jpg\" alt=\"\" class=\"wp-image-39 size-full\" srcset=\"https:\/\/indienhilfe-franklin.de\/wp-content\/uploads\/2021\/08\/franklin.jpg 500w, https:\/\/indienhilfe-franklin.de\/wp-content\/uploads\/2021\/08\/franklin-300x225.jpg 300w\" sizes=\"auto, (max-width: 500px) 100vw, 500px\" \/><\/figure><div class=\"wp-block-media-text__content\">\n<p>Die Indienhilfe startete 1973 mit der Idee einer jungen Frau aus Bad Bergzabern, hungernden Kindern ein besseres Leben zu erm\u00f6glichen. Angesto\u00dfen wurde die Indienhilfe vom schrecklichen Elend der Adivasi Kinder in Nagar Haveli, die damals von Pater Franklin Rodrigues 200 km von Bombay betreut wurden. Die Adivasis sind die Ureinwohner Indiens, leben zerstreut in ganz Indien meist am Existenzminimum und geh\u00f6ren keiner Kaste an.<\/p>\n\n\n\n<p>Die Eltern waren nicht in der Lage ihre Kinder zu ern\u00e4hren. So hungerten und erkrankten viele, es fehlten die notwendigen Medikamente und Geldmittel, eine hoffnungslose Situation. Die Hilfe begann mit Patenschaften. Mit 10\u20ac monatlich, die f\u00fcr den Lebensunterhalt ben\u00f6tigt werden kann&nbsp;auch eine Schulausbildung bestreitet werden. Die Kinder lebten in \u00e4rmlichen Behausungen bei ihren Eltern, sie mu\u00dften schon fr\u00fch auf den Feldern mitarbeiten, die \u00fcberwiegend Gro\u00dfgrundbesitzern geh\u00f6rten. Ihre Eltern waren in der Abh\u00e4ngigkeit der Landlords, konnten leicht und r\u00fccksichtlos ausgebeutet werden, \u00fcber 95% waren Analphabeten.<\/p>\n<\/div><\/div>\n\n\n\n<p>1973 begann die Hilfsaktion mit 20 Patenschaften. Man baute eine Schule, das Josef-Nirwas-Haus, &nbsp;ein Waisenhaus und Werkst\u00e4tten, in den D\u00f6rfern um Nagar Haveli wurden kleine Dorfschulen errichtet. Die Kinder wurden in Handwerksberufen ausgebildet.<\/p>\n\n\n\n<p>Heute ist Nagar Haveli ein Vorzeigeprojekt der Indienhilfe, an dem deutlich wird, was bewirkt werden kann, wenn gezielte Hilfe zur Selbsthilfe eingesetzt wird. Die Schulen und sonstige Einrichtungen f\u00fcr Kranke, Kinder und Familien in den D\u00f6rfern um Nagar Haveli arbeiten selbstst\u00e4ndig und gut und das ohne jegliche finanzielle Hilfe von au\u00dfen.<\/p>\n\n\n\n<p>Es war schon immer ein Grundsatz der Indienhilfe den \u00c4rmsten der Armen zu helfen, besonders Kindern und Kranken, sie sind in eine Welt hineingeboren oder hineingesto\u00dfen, in der scheinbar kein Platz f\u00fcr sie ist. Unsere Hilfe wird auch zeitlich begrenzt, um keine Wohlstandsinseln zu schaffen und dadurch die umliegende Not zu \u00fcbersehen. Es ist unser Bestreben, die begonnene Ma\u00dfnahme schnell in die Eigenverantwortung zu \u00fcbertragen und die Eigenst\u00e4ndigkeit zu f\u00f6rdern. Mit ihren Spenden k\u00f6nnen unsere Projektpartner einen Beitrag leisten, um Bed\u00fcrftigen eine neue Hoffnung und Lebensmut zu schenken.<\/p>\n\n\n\n<p>1985 zog sich die Indienhilfe beispielsweise aus dem Projekt Nagar Haveli zur\u00fcck. Der \u00dcbergang in die Eigenst\u00e4ndigkeit war gekommen, zwar nicht mit Begeisterung unserer indischen Partner, aber doch zum rechten Zeitpunkt.<br>Man begann mit Projekten in Simla Chandigarh, Bhopal und Dediapada, Shantinagar und Gandhinagar, Notgebiete, in denen Kinder und Familien unter katastrophalen Lebensbedingungen leben mu\u00dften.<\/p>\n\n\n\n<p>Die Indienhilfe, so wurde diese Aktion bald genannt, ist auch heute immer noch ein &#8222;wundersamer Verein&#8220;. Eine Kerngruppe von wenigen Freunden leitet und koordiniert die Arbeit der unz\u00e4hligen Gruppen, die eigenverantwortlich mitarbeiten. Es sind Jugendgruppen, Schulen, Familien, Frauengemeinschaften, Aktionskreise, Kinderg\u00e4rten und auch einzelne Personen von Kiel bis M\u00fcnchen und von \u00d6sterreich bis nach Luxemburg.<br>Sie alle \u00fcbernehmen Patenschaften oder leisten Spenden f\u00fcr Kinder und Projekte in Indien<\/p>\n","protected":false},"excerpt":{"rendered":"<p>Die Indienhilfe startete 1973 mit der Idee einer jungen Frau aus Bad Bergzabern, hungernden Kindern ein besseres Leben zu erm\u00f6glichen. Angesto\u00dfen wurde die Indienhilfe vom&hellip;<\/p>\n","protected":false},"author":1,"featured_media":0,"parent":253,"menu_order":0,"comment_status":"closed","ping_status":"closed","template":"","meta":{"footnotes":""},"class_list":["post-256","page","type-page","status-publish","hentry"],"_links":{"self":[{"href":"https:\/\/indienhilfe-franklin.de\/index.php?rest_route=\/wp\/v2\/pages\/256","targetHints":{"allow":["GET"]}}],"collection":[{"href":"https:\/\/indienhilfe-franklin.de\/index.php?rest_route=\/wp\/v2\/pages"}],"about":[{"href":"https:\/\/indienhilfe-franklin.de\/index.php?rest_route=\/wp\/v2\/types\/page"}],"author":[{"embeddable":true,"href":"https:\/\/indienhilfe-franklin.de\/index.php?rest_route=\/wp\/v2\/users\/1"}],"replies":[{"embeddable":true,"href":"https:\/\/indienhilfe-franklin.de\/index.php?rest_route=%2Fwp%2Fv2%2Fcomments&post=256"}],"version-history":[{"count":2,"href":"https:\/\/indienhilfe-franklin.de\/index.php?rest_route=\/wp\/v2\/pages\/256\/revisions"}],"predecessor-version":[{"id":394,"href":"https:\/\/indienhilfe-franklin.de\/index.php?rest_route=\/wp\/v2\/pages\/256\/revisions\/394"}],"up":[{"embeddable":true,"href":"https:\/\/indienhilfe-franklin.de\/index.php?rest_route=\/wp\/v2\/pages\/253"}],"wp:attachment":[{"href":"https:\/\/indienhilfe-franklin.de\/index.php?rest_route=%2Fwp%2Fv2%2Fmedia&parent=256"}],"curies":[{"name":"wp","href":"https:\/\/api.w.org\/{rel}","templated":true}]}}