{"id":12,"date":"2021-08-31T08:50:22","date_gmt":"2021-08-31T08:50:22","guid":{"rendered":"https:\/\/indienhilfe-franklin.de\/?page_id=12"},"modified":"2021-08-31T11:07:10","modified_gmt":"2021-08-31T11:07:10","slug":"projekte","status":"publish","type":"page","link":"https:\/\/indienhilfe-franklin.de\/?page_id=12","title":{"rendered":"Projekte"},"content":{"rendered":"\n<p>Die Indienhilfe baut und unterh\u00e4lt Schulen und Hostels f\u00fcr Jungen und M\u00e4dchen, betreibt eine Krankenstation und versorgt die \u00c4rmsten der Armen mit einer warmen Mahlzeit. <\/p>\n\n\n\n<p>Dank der Schulen haben die Kinder die Chance auf ein Leben au\u00dferhalb der Armut. Die Betreuung und Unterhaltung der Leprakranken in der Kolonie ist ein weiter wichtiger Meilenstein, den Menschen in Indien ein St\u00fcck Normalit\u00e4t in ihrem Leben zu geben. <\/p>\n\n\n\n<p>Gemeinsam mit dem PAMINA-Schulzentrum, der kfd und den Messdiener R\u00fclzheim, der kfd in B\u00fcchelberg und Scheibenhardt und vielen weiteren Unterst\u00fctzung haben wir viele Projekte vor Ort verwirklichen k\u00f6nnen. <\/p>\n\n\n<style>.wp-block-kadence-advancedgallery .kb-gallery-type-grid.kb-gallery-id-_769d5d-2c{margin:-5px;}.kb-gallery-type-grid.kb-gallery-id-_769d5d-2c .kadence-blocks-gallery-item{padding:5px;}.kb-gallery-id-_769d5d-2c .kadence-blocks-gallery-item .kb-gal-image-radius, .kb-gallery-id-_769d5d-2c .kb-slide-item .kb-gal-image-radius img{border-radius:0px 0px 0px 0px;;}.kb-gallery-caption-style-bottom.kb-gallery-id-_769d5d-2c .kadence-blocks-gallery-item .kadence-blocks-gallery-item-inner .kadence-blocks-gallery-item__caption, .kb-gallery-caption-style-bottom-hover.kb-gallery-id-_769d5d-2c .kadence-blocks-gallery-item .kadence-blocks-gallery-item-inner .kadence-blocks-gallery-item__caption{background:linear-gradient(0deg, rgba(0, 0, 0, 0.8) 0, rgba(0, 0, 0, 0) 100%);}<\/style><div class=\"kb-gallery-wrap-id-_769d5d-2c alignnone wp-block-kadence-advancedgallery\"><ul class=\"kb-gallery-ul kb-gallery-non-static kb-gallery-type-grid kb-gallery-id-_769d5d-2c kb-gallery-caption-style-bottom-hover kb-gallery-filter-none\" data-image-filter=\"none\" data-item-selector=\".kadence-blocks-gallery-item\" data-lightbox-caption=\"true\" data-columns-xxl=\"3\" data-columns-xl=\"3\" data-columns-md=\"3\" data-columns-sm=\"2\" data-columns-xs=\"1\" data-columns-ss=\"1\"><li class=\"kadence-blocks-gallery-item\" tabindex=\"0\"><div class=\"kadence-blocks-gallery-item-inner\"><figure class=\"kb-gallery-figure kadence-blocks-gallery-item-has-caption\"><div class=\"kb-gal-image-radius\"><div class=\"kb-gallery-image-contain kadence-blocks-gallery-intrinsic kb-gallery-image-ratio-land32 kb-has-image-ratio-land32\" ><img loading=\"lazy\" decoding=\"async\" src=\"https:\/\/indienhilfe-franklin.de\/wp-content\/uploads\/2021\/08\/schule1.jpg\" width=\"500\" height=\"375\" alt=\"\" data-full-image=\"https:\/\/indienhilfe-franklin.de\/wp-content\/uploads\/2021\/08\/schule1.jpg\" data-light-image=\"https:\/\/indienhilfe-franklin.de\/wp-content\/uploads\/2021\/08\/schule1.jpg\" data-id=\"103\" class=\"wp-image-103\" srcset=\"https:\/\/indienhilfe-franklin.de\/wp-content\/uploads\/2021\/08\/schule1.jpg 500w, https:\/\/indienhilfe-franklin.de\/wp-content\/uploads\/2021\/08\/schule1-300x225.jpg 300w\" sizes=\"auto, (max-width: 500px) 100vw, 500px\" \/><\/div><div class=\"kadence-blocks-gallery-item__caption\">Schule<\/div><\/div><\/figure><\/div><\/li><li class=\"kadence-blocks-gallery-item\" tabindex=\"0\"><div class=\"kadence-blocks-gallery-item-inner\"><figure class=\"kb-gallery-figure kadence-blocks-gallery-item-has-caption\"><div class=\"kb-gal-image-radius\"><div class=\"kb-gallery-image-contain kadence-blocks-gallery-intrinsic kb-gallery-image-ratio-land32 kb-has-image-ratio-land32\" ><img loading=\"lazy\" decoding=\"async\" src=\"https:\/\/indienhilfe-franklin.de\/wp-content\/uploads\/2021\/08\/girl_hostel-1.jpg\" width=\"375\" height=\"281\" alt=\"\" data-full-image=\"https:\/\/indienhilfe-franklin.de\/wp-content\/uploads\/2021\/08\/girl_hostel-1.jpg\" data-light-image=\"https:\/\/indienhilfe-franklin.de\/wp-content\/uploads\/2021\/08\/girl_hostel-1.jpg\" data-id=\"104\" class=\"wp-image-104\" srcset=\"https:\/\/indienhilfe-franklin.de\/wp-content\/uploads\/2021\/08\/girl_hostel-1.jpg 375w, https:\/\/indienhilfe-franklin.de\/wp-content\/uploads\/2021\/08\/girl_hostel-1-300x225.jpg 300w\" sizes=\"auto, (max-width: 375px) 100vw, 375px\" \/><\/div><div class=\"kadence-blocks-gallery-item__caption\">M\u00e4dchenhostel Nishkalank<\/div><\/div><\/figure><\/div><\/li><li class=\"kadence-blocks-gallery-item\" tabindex=\"0\"><div class=\"kadence-blocks-gallery-item-inner\"><figure class=\"kb-gallery-figure\"><div class=\"kb-gal-image-radius\"><div class=\"kb-gallery-image-contain kadence-blocks-gallery-intrinsic kb-gallery-image-ratio-land32 kb-has-image-ratio-land32\" ><img loading=\"lazy\" decoding=\"async\" src=\"https:\/\/indienhilfe-franklin.de\/wp-content\/uploads\/2021\/08\/hostel_herxheim.jpg\" width=\"375\" height=\"281\" alt=\"\" data-full-image=\"https:\/\/indienhilfe-franklin.de\/wp-content\/uploads\/2021\/08\/hostel_herxheim.jpg\" data-light-image=\"https:\/\/indienhilfe-franklin.de\/wp-content\/uploads\/2021\/08\/hostel_herxheim.jpg\" data-id=\"105\" class=\"wp-image-105\" srcset=\"https:\/\/indienhilfe-franklin.de\/wp-content\/uploads\/2021\/08\/hostel_herxheim.jpg 375w, https:\/\/indienhilfe-franklin.de\/wp-content\/uploads\/2021\/08\/hostel_herxheim-300x225.jpg 300w\" sizes=\"auto, (max-width: 375px) 100vw, 375px\" \/><\/div><\/div><\/figure><\/div><\/li><li class=\"kadence-blocks-gallery-item\" tabindex=\"0\"><div class=\"kadence-blocks-gallery-item-inner\"><figure class=\"kb-gallery-figure\"><div class=\"kb-gal-image-radius\"><div class=\"kb-gallery-image-contain kadence-blocks-gallery-intrinsic kb-gallery-image-ratio-land32 kb-has-image-ratio-land32\" ><img loading=\"lazy\" decoding=\"async\" src=\"https:\/\/indienhilfe-franklin.de\/wp-content\/uploads\/2021\/08\/schild_herxheim.jpg\" width=\"375\" height=\"281\" alt=\"\" data-full-image=\"https:\/\/indienhilfe-franklin.de\/wp-content\/uploads\/2021\/08\/schild_herxheim.jpg\" data-light-image=\"https:\/\/indienhilfe-franklin.de\/wp-content\/uploads\/2021\/08\/schild_herxheim.jpg\" data-id=\"106\" class=\"wp-image-106\" srcset=\"https:\/\/indienhilfe-franklin.de\/wp-content\/uploads\/2021\/08\/schild_herxheim.jpg 375w, https:\/\/indienhilfe-franklin.de\/wp-content\/uploads\/2021\/08\/schild_herxheim-300x225.jpg 300w\" sizes=\"auto, (max-width: 375px) 100vw, 375px\" \/><\/div><\/div><\/figure><\/div><\/li><li class=\"kadence-blocks-gallery-item\" tabindex=\"0\"><div class=\"kadence-blocks-gallery-item-inner\"><figure class=\"kb-gallery-figure kadence-blocks-gallery-item-has-caption\"><div class=\"kb-gal-image-radius\"><div class=\"kb-gallery-image-contain kadence-blocks-gallery-intrinsic kb-gallery-image-ratio-land32 kb-has-image-ratio-land32\" ><img loading=\"lazy\" decoding=\"async\" src=\"https:\/\/indienhilfe-franklin.de\/wp-content\/uploads\/2021\/08\/schule_bhopal.jpg\" width=\"383\" height=\"281\" alt=\"\" data-full-image=\"https:\/\/indienhilfe-franklin.de\/wp-content\/uploads\/2021\/08\/schule_bhopal.jpg\" data-light-image=\"https:\/\/indienhilfe-franklin.de\/wp-content\/uploads\/2021\/08\/schule_bhopal.jpg\" data-id=\"107\" class=\"wp-image-107\" srcset=\"https:\/\/indienhilfe-franklin.de\/wp-content\/uploads\/2021\/08\/schule_bhopal.jpg 383w, https:\/\/indienhilfe-franklin.de\/wp-content\/uploads\/2021\/08\/schule_bhopal-300x220.jpg 300w\" sizes=\"auto, (max-width: 383px) 100vw, 383px\" \/><\/div><div class=\"kadence-blocks-gallery-item__caption\">Hostel in Berasia<\/div><\/div><\/figure><\/div><\/li><\/ul><\/div>","protected":false},"excerpt":{"rendered":"<p>Die Indienhilfe baut und unterh\u00e4lt Schulen und Hostels f\u00fcr Jungen und M\u00e4dchen, betreibt eine Krankenstation und versorgt die \u00c4rmsten der Armen mit einer warmen Mahlzeit.&hellip;<\/p>\n","protected":false},"author":1,"featured_media":0,"parent":0,"menu_order":0,"comment_status":"closed","ping_status":"closed","template":"","meta":{"footnotes":""},"class_list":["post-12","page","type-page","status-publish","hentry"],"_links":{"self":[{"href":"https:\/\/indienhilfe-franklin.de\/index.php?rest_route=\/wp\/v2\/pages\/12","targetHints":{"allow":["GET"]}}],"collection":[{"href":"https:\/\/indienhilfe-franklin.de\/index.php?rest_route=\/wp\/v2\/pages"}],"about":[{"href":"https:\/\/indienhilfe-franklin.de\/index.php?rest_route=\/wp\/v2\/types\/page"}],"author":[{"embeddable":true,"href":"https:\/\/indienhilfe-franklin.de\/index.php?rest_route=\/wp\/v2\/users\/1"}],"replies":[{"embeddable":true,"href":"https:\/\/indienhilfe-franklin.de\/index.php?rest_route=%2Fwp%2Fv2%2Fcomments&post=12"}],"version-history":[{"count":2,"href":"https:\/\/indienhilfe-franklin.de\/index.php?rest_route=\/wp\/v2\/pages\/12\/revisions"}],"predecessor-version":[{"id":108,"href":"https:\/\/indienhilfe-franklin.de\/index.php?rest_route=\/wp\/v2\/pages\/12\/revisions\/108"}],"wp:attachment":[{"href":"https:\/\/indienhilfe-franklin.de\/index.php?rest_route=%2Fwp%2Fv2%2Fmedia&parent=12"}],"curies":[{"name":"wp","href":"https:\/\/api.w.org\/{rel}","templated":true}]}}